{"id":1326,"date":"2025-08-31T14:48:20","date_gmt":"2025-08-31T13:48:20","guid":{"rendered":"https:\/\/vipenvironnement.net\/?post_type=product&#038;p=1326"},"modified":"2025-09-25T15:37:24","modified_gmt":"2025-09-25T14:37:24","slug":"carte-cadeau-vip-environnement","status":"publish","type":"product","link":"https:\/\/vipenvironnement.net\/en\/product\/carte-cadeau-vip-environnement\/","title":{"rendered":"Carte Cadeau VIP Environnement"},"content":{"rendered":"<p data-start=\"348\" data-end=\"394\"><strong data-start=\"348\" data-end=\"392\">Offrez la propret\u00e9 avec une Carte Cadeau<\/strong><\/p>\n<p data-start=\"401\" data-end=\"780\">\u2022 <strong data-start=\"403\" data-end=\"427\">Montants disponibles<\/strong> : <strong data-start=\"430\" data-end=\"480\">150 \/ 200 \/ 400 \/ 600 \/ 800 \/ 1 000 \/ 1 200 MAD<\/strong><br data-start=\"480\" data-end=\"483\" \/>\u2022 <strong data-start=\"487\" data-end=\"511\">Carte d\u00e9mat\u00e9rialis\u00e9e<\/strong> : le b\u00e9n\u00e9ficiaire re\u00e7oit <strong data-start=\"537\" data-end=\"555\">un code cadeau<\/strong> par e-mail<br data-start=\"566\" data-end=\"569\" \/>\u2022 <strong data-start=\"573\" data-end=\"600\">Message au destinataire<\/strong> possible (court)<br data-start=\"617\" data-end=\"620\" \/>\u2022 <strong data-start=\"624\" data-end=\"663\">Utilisable en une ou plusieurs fois<\/strong> jusqu\u2019\u00e0 \u00e9puisement du solde<br data-start=\"691\" data-end=\"694\" \/>\u2022 <strong data-start=\"698\" data-end=\"734\">Valable sur nos packs &amp; services<\/strong> <em data-start=\"735\" data-end=\"778\">(hors offres sp\u00e9ciales et cartes-cadeaux)<\/em><\/p>\n<p data-start=\"787\" data-end=\"934\">Non remboursable. Non cumulable avec certaines promotions \u00e9v\u00e9nementielles.<br data-start=\"861\" data-end=\"864\" \/><strong data-start=\"866\" data-end=\"890\">Conditions compl\u00e8tes<\/strong> disponibles sur la page \u00ab Carte Cadeau \u00bb.<\/p>","protected":false},"excerpt":{"rendered":"<p><strong data-start=\"1326\" data-end=\"1351\">Choisissez un montant<\/strong> puis recevez <strong data-start=\"1365\" data-end=\"1383\">instantan\u00e9ment<\/strong> un <strong data-start=\"1387\" data-end=\"1402\">code cadeau<\/strong> par e-mail.<br data-start=\"1414\" data-end=\"1417\" \/><strong data-start=\"1419\" data-end=\"1451\">Utilisable en plusieurs fois<\/strong> sur nos <strong data-start=\"1460\" data-end=\"1480\">packs &amp; services<\/strong> <em data-start=\"1481\" data-end=\"1506\">(hors offres sp\u00e9ciales)<\/em>.<br data-start=\"1507\" data-end=\"1510\" \/>Montants : <strong data-start=\"1523\" data-end=\"1573\">150 \/ 200 \/ 400 \/ 600 \/ 800 \/ 1 000 \/ 1 200 MAD<\/strong>.<\/p>","protected":false},"featured_media":2201,"comment_status":"open","ping_status":"closed","template":"","meta":[],"product_brand":[],"product_cat":[100],"product_tag":[104,107,108,110,109],"class_list":{"0":"post-1326","1":"product","2":"type-product","3":"status-publish","4":"has-post-thumbnail","6":"product_cat-nos-offres-promotions","7":"product_tag-carte-cadeau","8":"product_tag-e-carte","9":"product_tag-gift-card","10":"product_tag-packs-nettoyage","11":"product_tag-vip-environnement","13":"first","14":"instock","15":"sold-individually","16":"taxable","17":"shipping-taxable","18":"purchasable","19":"product-type-pw-gift-card"},"_links":{"self":[{"href":"https:\/\/vipenvironnement.net\/en\/wp-json\/wp\/v2\/product\/1326","targetHints":{"allow":["GET"]}}],"collection":[{"href":"https:\/\/vipenvironnement.net\/en\/wp-json\/wp\/v2\/product"}],"about":[{"href":"https:\/\/vipenvironnement.net\/en\/wp-json\/wp\/v2\/types\/product"}],"replies":[{"embeddable":true,"href":"https:\/\/vipenvironnement.net\/en\/wp-json\/wp\/v2\/comments?post=1326"}],"wp:featuredmedia":[{"embeddable":true,"href":"https:\/\/vipenvironnement.net\/en\/wp-json\/wp\/v2\/media\/2201"}],"wp:attachment":[{"href":"https:\/\/vipenvironnement.net\/en\/wp-json\/wp\/v2\/media?parent=1326"}],"wp:term":[{"taxonomy":"product_brand","embeddable":true,"href":"https:\/\/vipenvironnement.net\/en\/wp-json\/wp\/v2\/product_brand?post=1326"},{"taxonomy":"product_cat","embeddable":true,"href":"https:\/\/vipenvironnement.net\/en\/wp-json\/wp\/v2\/product_cat?post=1326"},{"taxonomy":"product_tag","embeddable":true,"href":"https:\/\/vipenvironnement.net\/en\/wp-json\/wp\/v2\/product_tag?post=1326"}],"curies":[{"name":"wp","href":"https:\/\/api.w.org\/{rel}","templated":true}]}}