{"id":2342,"date":"2025-09-16T15:56:13","date_gmt":"2025-09-16T14:56:13","guid":{"rendered":"https:\/\/vipenvironnement.net\/?post_type=product&#038;p=2342"},"modified":"2025-12-18T16:39:25","modified_gmt":"2025-12-18T15:39:25","slug":"pack-essentiel","status":"publish","type":"product","link":"https:\/\/vipenvironnement.net\/en\/product\/pack-essentiel\/","title":{"rendered":"Pack Amrabat Essentiel"},"content":{"rendered":"<p><b>Pack Essentiel : Le Point de D\u00e9part Id\u00e9al pour vos Locations<\/b><\/p>\n<blockquote><p><b>Notre Pack Amrabat Essentiel<\/b> est la solution la plus simple et la plus \u00e9conomique pour garantir la propret\u00e9 de vos petites unit\u00e9s. Ce forfait comprend <b>4 interventions de nettoyage complet<\/b> pour maintenir votre espace impeccable, et il est parfait pour les <b>studios, les T2 et les petits budgets<\/b>.<\/p>\n<p><b>Avantage Multi-Biens :<\/b> B\u00e9n\u00e9ficiez d&rsquo;une r\u00e9duction de <b>-5%<\/b> par bien si vous g\u00e9rez <b>3 propri\u00e9t\u00e9s ou plus<\/b> sous ce contrat.<\/p>\n<p><b>Personnalisez votre service avec nos options 5 \u00e9toiles (prix sur la page des options) :<\/b><\/p>\n<ul>\n<li>Blanchisserie h\u00f4teli\u00e8re<\/li>\n<li>Inspection &amp; Rapport d\u00e9taill\u00e9<\/li>\n<li>Produits consommables de bienvenue<\/li>\n<li>Petites r\u00e9parations et maintenance<\/li>\n<li>Services de transfert &amp; assistance logistique<\/li>\n<\/ul>\n<\/blockquote>","protected":false},"excerpt":{"rendered":"<p>5 interventions de nettoyage de base. Id\u00e9al pour petits espaces.\u00a0<strong>G\u00e9rez 3+ biens ? B\u00e9n\u00e9ficiez de -5% sur chaque bien !<\/strong>\u00a0Personnalisez avec nos options additionnelles.<\/p>","protected":false},"featured_media":3121,"comment_status":"open","ping_status":"closed","template":"","meta":[],"product_brand":[],"product_cat":[122],"product_tag":[],"class_list":{"0":"post-2342","1":"product","2":"type-product","3":"status-publish","4":"has-post-thumbnail","6":"product_cat-airbnbbooking","8":"first","9":"instock","10":"sale","11":"virtual","12":"taxable","13":"purchasable","14":"product-type-simple"},"_links":{"self":[{"href":"https:\/\/vipenvironnement.net\/en\/wp-json\/wp\/v2\/product\/2342","targetHints":{"allow":["GET"]}}],"collection":[{"href":"https:\/\/vipenvironnement.net\/en\/wp-json\/wp\/v2\/product"}],"about":[{"href":"https:\/\/vipenvironnement.net\/en\/wp-json\/wp\/v2\/types\/product"}],"replies":[{"embeddable":true,"href":"https:\/\/vipenvironnement.net\/en\/wp-json\/wp\/v2\/comments?post=2342"}],"wp:featuredmedia":[{"embeddable":true,"href":"https:\/\/vipenvironnement.net\/en\/wp-json\/wp\/v2\/media\/3121"}],"wp:attachment":[{"href":"https:\/\/vipenvironnement.net\/en\/wp-json\/wp\/v2\/media?parent=2342"}],"wp:term":[{"taxonomy":"product_brand","embeddable":true,"href":"https:\/\/vipenvironnement.net\/en\/wp-json\/wp\/v2\/product_brand?post=2342"},{"taxonomy":"product_cat","embeddable":true,"href":"https:\/\/vipenvironnement.net\/en\/wp-json\/wp\/v2\/product_cat?post=2342"},{"taxonomy":"product_tag","embeddable":true,"href":"https:\/\/vipenvironnement.net\/en\/wp-json\/wp\/v2\/product_tag?post=2342"}],"curies":[{"name":"wp","href":"https:\/\/api.w.org\/{rel}","templated":true}]}}