{"id":2345,"date":"2025-09-16T16:15:42","date_gmt":"2025-09-16T15:15:42","guid":{"rendered":"https:\/\/vipenvironnement.net\/?post_type=product&#038;p=2345"},"modified":"2026-02-01T17:34:37","modified_gmt":"2026-02-01T16:34:37","slug":"pack-prestige","status":"publish","type":"product","link":"https:\/\/vipenvironnement.net\/en\/product\/pack-prestige\/","title":{"rendered":"Pack Hakimi 12"},"content":{"rendered":"<p><b>Pack Prestige : L&rsquo;Excellence Quotidienne de la Haute Qualit\u00e9<\/b><\/p>\n<blockquote><p><b>Le Pack Hakimi Prestige<\/b> est notre formule la plus compl\u00e8te et la plus exclusive, con\u00e7ue pour les grandes r\u00e9sidences ou pour ceux qui d\u00e9sirent un niveau de service impeccable et continu. Avec des interventions multiples chaque mois, ce pack assure que votre foyer reste en permanence au standard du luxe h\u00f4telier.<\/p>\n<p><b>Ce que comprend le service :<\/b><\/p>\n<ul>\n<li><b>Fr\u00e9quence :<\/b> 12 interventions par mois (soit 3 visites par semaine).<\/li>\n<li><b>Dur\u00e9e :<\/b> Chaque intervention est d&rsquo;une dur\u00e9e de <b>6 heures<\/b> (soit 72 heures de service mensuel).<\/li>\n<li><b>Prestations :<\/b> Nettoyage ultra-complet, entretien minutieux des mat\u00e9riaux nobles, gestion du linge, et organisation avanc\u00e9e des espaces.<\/li>\n<\/ul>\n<p><b>B\u00e9n\u00e9fice :<\/b> Un service sur-mesure qui vous offre une tranquillit\u00e9 d&rsquo;esprit absolue et un int\u00e9rieur toujours parfait.<\/p>\n<p><b>[ le prix : 2 200 DH \/ mois] PROMO<\/b><\/p><\/blockquote>","protected":false},"excerpt":{"rendered":"<p>Service haut de gamme avec suivi personnalis\u00e9.<br data-start=\"813\" data-end=\"816\" \/>Femme de m\u00e9nage 6h\/s\u00e9ance, 10 \u00e0 12 interventions\/mois.<br data-start=\"870\" data-end=\"873\" \/>Inclut inspection, photos, et rapport qualit\u00e9.<\/p>","protected":false},"featured_media":3124,"comment_status":"open","ping_status":"closed","template":"","meta":[],"product_brand":[],"product_cat":[70],"product_tag":[],"class_list":{"0":"post-2345","1":"product","2":"type-product","3":"status-publish","4":"has-post-thumbnail","6":"product_cat-particuliers","8":"first","9":"instock","10":"virtual","11":"purchasable","12":"product-type-simple"},"_links":{"self":[{"href":"https:\/\/vipenvironnement.net\/en\/wp-json\/wp\/v2\/product\/2345","targetHints":{"allow":["GET"]}}],"collection":[{"href":"https:\/\/vipenvironnement.net\/en\/wp-json\/wp\/v2\/product"}],"about":[{"href":"https:\/\/vipenvironnement.net\/en\/wp-json\/wp\/v2\/types\/product"}],"replies":[{"embeddable":true,"href":"https:\/\/vipenvironnement.net\/en\/wp-json\/wp\/v2\/comments?post=2345"}],"wp:featuredmedia":[{"embeddable":true,"href":"https:\/\/vipenvironnement.net\/en\/wp-json\/wp\/v2\/media\/3124"}],"wp:attachment":[{"href":"https:\/\/vipenvironnement.net\/en\/wp-json\/wp\/v2\/media?parent=2345"}],"wp:term":[{"taxonomy":"product_brand","embeddable":true,"href":"https:\/\/vipenvironnement.net\/en\/wp-json\/wp\/v2\/product_brand?post=2345"},{"taxonomy":"product_cat","embeddable":true,"href":"https:\/\/vipenvironnement.net\/en\/wp-json\/wp\/v2\/product_cat?post=2345"},{"taxonomy":"product_tag","embeddable":true,"href":"https:\/\/vipenvironnement.net\/en\/wp-json\/wp\/v2\/product_tag?post=2345"}],"curies":[{"name":"wp","href":"https:\/\/api.w.org\/{rel}","templated":true}]}}