{"id":2346,"date":"2025-09-16T16:23:44","date_gmt":"2025-09-16T15:23:44","guid":{"rendered":"https:\/\/vipenvironnement.net\/?post_type=product&#038;p=2346"},"modified":"2025-12-18T16:34:55","modified_gmt":"2025-12-18T15:34:55","slug":"pack-10-interventions","status":"publish","type":"product","link":"https:\/\/vipenvironnement.net\/en\/product\/pack-10-interventions\/","title":{"rendered":"Pack Diaz 10"},"content":{"rendered":"<p><b>Notre Pack Diaz 10 Interventions<\/b> offre un nettoyage professionnel et un suivi de qualit\u00e9 pour vos locations courtes dur\u00e9es. Id\u00e9al pour les propri\u00e9t\u00e9s ayant une <b>rotation moyenne \u00e0 \u00e9lev\u00e9e<\/b>. Profitez de la souplesse de <b>10 interventions utilisables selon votre calendrier de r\u00e9servations.<\/b><\/p>\n<p><b>Avantage Multi-Biens :<\/b> B\u00e9n\u00e9ficiez de <b>-10% de r\u00e9duction<\/b> sur le prix total du pack \u00e0 partir de 3 propri\u00e9t\u00e9s g\u00e9r\u00e9es !<\/p>\n<p><b>Personnalisez votre service avec nos options :<\/b> Blanchisserie (80 DH\/interv.), inspection + rapport (100 DH), produits consommables (50 DH\/kit), et services de transfert.<\/p>","protected":false},"excerpt":{"rendered":"<p>La solution de flexibilit\u00e9 : 10 interventions \u00e0 consommer en 60 jours maximum. R\u00e9duction pour 3 propri\u00e9t\u00e9s ou plus.<\/p>","protected":false},"featured_media":3123,"comment_status":"open","ping_status":"closed","template":"","meta":[],"product_brand":[],"product_cat":[122],"product_tag":[],"class_list":{"0":"post-2346","1":"product","2":"type-product","3":"status-publish","4":"has-post-thumbnail","6":"product_cat-airbnbbooking","8":"first","9":"instock","10":"sale","11":"virtual","12":"taxable","13":"purchasable","14":"product-type-simple"},"_links":{"self":[{"href":"https:\/\/vipenvironnement.net\/en\/wp-json\/wp\/v2\/product\/2346","targetHints":{"allow":["GET"]}}],"collection":[{"href":"https:\/\/vipenvironnement.net\/en\/wp-json\/wp\/v2\/product"}],"about":[{"href":"https:\/\/vipenvironnement.net\/en\/wp-json\/wp\/v2\/types\/product"}],"replies":[{"embeddable":true,"href":"https:\/\/vipenvironnement.net\/en\/wp-json\/wp\/v2\/comments?post=2346"}],"wp:featuredmedia":[{"embeddable":true,"href":"https:\/\/vipenvironnement.net\/en\/wp-json\/wp\/v2\/media\/3123"}],"wp:attachment":[{"href":"https:\/\/vipenvironnement.net\/en\/wp-json\/wp\/v2\/media?parent=2346"}],"wp:term":[{"taxonomy":"product_brand","embeddable":true,"href":"https:\/\/vipenvironnement.net\/en\/wp-json\/wp\/v2\/product_brand?post=2346"},{"taxonomy":"product_cat","embeddable":true,"href":"https:\/\/vipenvironnement.net\/en\/wp-json\/wp\/v2\/product_cat?post=2346"},{"taxonomy":"product_tag","embeddable":true,"href":"https:\/\/vipenvironnement.net\/en\/wp-json\/wp\/v2\/product_tag?post=2346"}],"curies":[{"name":"wp","href":"https:\/\/api.w.org\/{rel}","templated":true}]}}