{"id":2837,"date":"2025-09-26T13:48:17","date_gmt":"2025-09-26T12:48:17","guid":{"rendered":"https:\/\/vipenvironnement.net\/?post_type=product&#038;p=2837"},"modified":"2026-03-01T06:53:31","modified_gmt":"2026-03-01T06:53:31","slug":"pack-classique","status":"publish","type":"product","link":"https:\/\/vipenvironnement.net\/en\/product\/pack-classique\/","title":{"rendered":"Pack Amrabat 4"},"content":{"rendered":"<h2 data-start=\"225\" data-end=\"291\"><strong data-start=\"231\" data-end=\"291\">Pack AMRABAT \u2013 La R\u00e9gularit\u00e9 et la Solidit\u00e9 au Quotidien<\/strong><\/h2>\n<p data-start=\"292\" data-end=\"337\"><em data-start=\"292\" data-end=\"337\">(4 s\u00e9ances \/ mois \u2013 \u0645\u062b\u0644 \u0635\u0644\u0627\u0628\u0629 \u0633\u0641\u064a\u0627\u0646 \u0623\u0645\u0631\u0627\u0628\u0637)<\/em><\/p>\n<blockquote><p><b>Notre Pack Amrabat <\/b>est la solution id\u00e9ale pour maintenir la propret\u00e9 et l&rsquo;ordre de votre domicile au quotidien. Con\u00e7u pour simplifier votre emploi du temps, ce forfait vous offre la tranquillit\u00e9 d&rsquo;esprit d&rsquo;un service r\u00e9gulier et professionnel.<\/p>\n<p><b>Ce que comprend le service :<\/b><\/p>\n<ul>\n<li><b>Fr\u00e9quence :<\/b> 4 interventions compl\u00e8tes par mois (soit une visite par semaine).<\/li>\n<li><b>Dur\u00e9e :<\/b> Chaque intervention est d&rsquo;une dur\u00e9e de <b>4 heures<\/b> (soit 16 heures de service mensuel).<\/li>\n<li><b>Prestations :<\/b> Nettoyage des sols, entretien des surfaces, d\u00e9poussi\u00e9rage et nettoyage des sanitaires (cuisine et salles de bain).<\/li>\n<\/ul>\n<p><b>B\u00e9n\u00e9fice :<\/b> Un foyer toujours propre, sans le stress des t\u00e2ches m\u00e9nag\u00e8res. C&rsquo;est le forfait parfait pour ceux qui recherchent la r\u00e9gularit\u00e9 et l&rsquo;efficacit\u00e9 \u00e0 un prix accessible.<\/p>\n<p><b>[Afficher le prix : 600 DH \/ mois]<\/b><\/p>\n<p><strong data-start=\"1979\" data-end=\"2008\">Pourquoi \u201cPack Amrabat\u201d ?<\/strong><br data-start=\"2008\" data-end=\"2011\" \/>Parce que comme Amrabat sur le terrain, ce pack repose sur la discipline, la constance et la fiabilit\u00e9.<\/p><\/blockquote>","protected":false},"excerpt":{"rendered":"<p>Service de nettoyage de base pour particuliers.<br data-start=\"398\" data-end=\"401\" \/>Une femme de m\u00e9nage, 4h\/semaine, 4 fois par mois.<br data-start=\"450\" data-end=\"453\" \/>Id\u00e9al pour l\u2019entretien r\u00e9gulier de votre domicile.<\/p>","protected":false},"featured_media":2938,"comment_status":"open","ping_status":"closed","template":"","meta":[],"product_brand":[],"product_cat":[70],"product_tag":[],"class_list":{"0":"post-2837","1":"product","2":"type-product","3":"status-publish","4":"has-post-thumbnail","6":"product_cat-particuliers","8":"first","9":"instock","10":"virtual","11":"taxable","12":"purchasable","13":"product-type-simple"},"_links":{"self":[{"href":"https:\/\/vipenvironnement.net\/en\/wp-json\/wp\/v2\/product\/2837","targetHints":{"allow":["GET"]}}],"collection":[{"href":"https:\/\/vipenvironnement.net\/en\/wp-json\/wp\/v2\/product"}],"about":[{"href":"https:\/\/vipenvironnement.net\/en\/wp-json\/wp\/v2\/types\/product"}],"replies":[{"embeddable":true,"href":"https:\/\/vipenvironnement.net\/en\/wp-json\/wp\/v2\/comments?post=2837"}],"wp:featuredmedia":[{"embeddable":true,"href":"https:\/\/vipenvironnement.net\/en\/wp-json\/wp\/v2\/media\/2938"}],"wp:attachment":[{"href":"https:\/\/vipenvironnement.net\/en\/wp-json\/wp\/v2\/media?parent=2837"}],"wp:term":[{"taxonomy":"product_brand","embeddable":true,"href":"https:\/\/vipenvironnement.net\/en\/wp-json\/wp\/v2\/product_brand?post=2837"},{"taxonomy":"product_cat","embeddable":true,"href":"https:\/\/vipenvironnement.net\/en\/wp-json\/wp\/v2\/product_cat?post=2837"},{"taxonomy":"product_tag","embeddable":true,"href":"https:\/\/vipenvironnement.net\/en\/wp-json\/wp\/v2\/product_tag?post=2837"}],"curies":[{"name":"wp","href":"https:\/\/api.w.org\/{rel}","templated":true}]}}