{"id":2838,"date":"2025-09-26T13:47:24","date_gmt":"2025-09-26T12:47:24","guid":{"rendered":"https:\/\/vipenvironnement.net\/?post_type=product&#038;p=2838"},"modified":"2025-09-28T23:37:02","modified_gmt":"2025-09-28T22:37:02","slug":"bureaux-administrations","status":"publish","type":"product","link":"https:\/\/vipenvironnement.net\/en\/product\/bureaux-administrations\/","title":{"rendered":"Bureaux &#038; Administrations"},"content":{"rendered":"<p>Notre service de <strong>nettoyage de bureaux<\/strong> garantit un environnement de travail propre, sain et agr\u00e9able.<br \/>\nNous assurons un entretien quotidien ou hebdomadaire adapt\u00e9 \u00e0 vos besoins.<\/p>\n<ul>\n<li>Nettoyage complet des sols, vitres et sanitaires<\/li>\n<li>D\u00e9poussi\u00e9rage des bureaux, chaises et \u00e9quipements<\/li>\n<li>D\u00e9sinfection des zones de contact (poign\u00e9es, interrupteurs, claviers)<\/li>\n<li>Possibilit\u00e9 de contrat mensuel pour un suivi r\u00e9gulier<\/li>\n<\/ul>\n<p>Optimisez l\u2019hygi\u00e8ne et le bien-\u00eatre de vos collaborateurs gr\u00e2ce \u00e0 une <strong>\u00e9quipe professionnelle<\/strong> et <strong>discr\u00e8te<\/strong>.<\/p>","protected":false},"excerpt":{"rendered":"<p>Entretien quotidien ou hebdomadaire de vos espaces de travail. Formules adapt\u00e9es aux entreprises.<\/p>","protected":false},"featured_media":1892,"comment_status":"open","ping_status":"closed","template":"","meta":[],"product_brand":[],"product_cat":[30],"product_tag":[],"class_list":{"0":"post-2838","1":"product","2":"type-product","3":"status-publish","4":"has-post-thumbnail","6":"product_cat-professionnels","8":"first","9":"instock","10":"virtual","11":"taxable","12":"product-type-simple"},"_links":{"self":[{"href":"https:\/\/vipenvironnement.net\/en\/wp-json\/wp\/v2\/product\/2838","targetHints":{"allow":["GET"]}}],"collection":[{"href":"https:\/\/vipenvironnement.net\/en\/wp-json\/wp\/v2\/product"}],"about":[{"href":"https:\/\/vipenvironnement.net\/en\/wp-json\/wp\/v2\/types\/product"}],"replies":[{"embeddable":true,"href":"https:\/\/vipenvironnement.net\/en\/wp-json\/wp\/v2\/comments?post=2838"}],"wp:featuredmedia":[{"embeddable":true,"href":"https:\/\/vipenvironnement.net\/en\/wp-json\/wp\/v2\/media\/1892"}],"wp:attachment":[{"href":"https:\/\/vipenvironnement.net\/en\/wp-json\/wp\/v2\/media?parent=2838"}],"wp:term":[{"taxonomy":"product_brand","embeddable":true,"href":"https:\/\/vipenvironnement.net\/en\/wp-json\/wp\/v2\/product_brand?post=2838"},{"taxonomy":"product_cat","embeddable":true,"href":"https:\/\/vipenvironnement.net\/en\/wp-json\/wp\/v2\/product_cat?post=2838"},{"taxonomy":"product_tag","embeddable":true,"href":"https:\/\/vipenvironnement.net\/en\/wp-json\/wp\/v2\/product_tag?post=2838"}],"curies":[{"name":"wp","href":"https:\/\/api.w.org\/{rel}","templated":true}]}}