{"id":2839,"date":"2025-09-26T13:55:33","date_gmt":"2025-09-26T12:55:33","guid":{"rendered":"https:\/\/vipenvironnement.net\/?post_type=product&#038;p=2839"},"modified":"2025-11-11T15:43:05","modified_gmt":"2025-11-11T14:43:05","slug":"grand-menage","status":"publish","type":"product","link":"https:\/\/vipenvironnement.net\/en\/product\/grand-menage\/","title":{"rendered":"Grand M\u00e9nage"},"content":{"rendered":"<p>Le \u00ab\u00a0Grand M\u00e9nage\u00a0\u00bb est une prestation ponctuelle tr\u00e8s demand\u00e9e (nettoyage apr\u00e8s travaux, avant\/apr\u00e8s \u00e9v\u00e9nement) qui doit \u00eatre vendue sur devis.<\/p>\n<p><b>Grand M\u00e9nage &amp; Remise en \u00c9tat : La Solution en Profondeur<\/b><\/p>\n<blockquote><p><b>Le service Grand M\u00e9nage &amp; Remise en \u00c9tat<\/b> est id\u00e9al pour les situations qui n\u00e9cessitent un nettoyage intense et ponctuel. Que ce soit apr\u00e8s un chantier de r\u00e9novation, avant un d\u00e9m\u00e9nagement, ou apr\u00e8s l&rsquo;organisation d&rsquo;un \u00e9v\u00e9nement, nos \u00e9quipes interviennent avec du mat\u00e9riel industriel (monobrosse, nettoyeurs vapeur) pour d\u00e9sinfecter et redonner tout son \u00e9clat \u00e0 votre espace.<\/p>\n<p><b>Ce que comprend le service :<\/b><\/p>\n<ul>\n<li>Nettoyage des surfaces difficiles d&rsquo;acc\u00e8s et des zones oubli\u00e9es.<\/li>\n<li>Nettoyage en profondeur des vitres et des encadrements.<\/li>\n<li>D\u00e9graissage intensif des cuisines.<\/li>\n<li>Remise en \u00e9tat des sols (d\u00e9capage et protection).<\/li>\n<\/ul>\n<p><b>B\u00e9n\u00e9fice :<\/b> Un assainissement total de votre environnement.<\/p>\n<p><b>le prix : Sur Devis (Minimum 4 heures)<\/b><\/p><\/blockquote>","protected":false},"excerpt":{"rendered":"<p>Nettoyage intensif complet avant ou apr\u00e8s d\u00e9m\u00e9nagement, r\u00e9novation ou \u00e9v\u00e9nement.<br data-start=\"1046\" data-end=\"1049\" \/>R\u00e9sultat impeccable garanti avec produits professionnels et \u00e9quipe exp\u00e9riment\u00e9e.<\/p>","protected":false},"featured_media":3119,"comment_status":"open","ping_status":"closed","template":"","meta":[],"product_brand":[],"product_cat":[70],"product_tag":[],"class_list":{"0":"post-2839","1":"product","2":"type-product","3":"status-publish","4":"has-post-thumbnail","6":"product_cat-particuliers","8":"first","9":"instock","10":"taxable","11":"shipping-taxable","12":"product-type-simple"},"_links":{"self":[{"href":"https:\/\/vipenvironnement.net\/en\/wp-json\/wp\/v2\/product\/2839","targetHints":{"allow":["GET"]}}],"collection":[{"href":"https:\/\/vipenvironnement.net\/en\/wp-json\/wp\/v2\/product"}],"about":[{"href":"https:\/\/vipenvironnement.net\/en\/wp-json\/wp\/v2\/types\/product"}],"replies":[{"embeddable":true,"href":"https:\/\/vipenvironnement.net\/en\/wp-json\/wp\/v2\/comments?post=2839"}],"wp:featuredmedia":[{"embeddable":true,"href":"https:\/\/vipenvironnement.net\/en\/wp-json\/wp\/v2\/media\/3119"}],"wp:attachment":[{"href":"https:\/\/vipenvironnement.net\/en\/wp-json\/wp\/v2\/media?parent=2839"}],"wp:term":[{"taxonomy":"product_brand","embeddable":true,"href":"https:\/\/vipenvironnement.net\/en\/wp-json\/wp\/v2\/product_brand?post=2839"},{"taxonomy":"product_cat","embeddable":true,"href":"https:\/\/vipenvironnement.net\/en\/wp-json\/wp\/v2\/product_cat?post=2839"},{"taxonomy":"product_tag","embeddable":true,"href":"https:\/\/vipenvironnement.net\/en\/wp-json\/wp\/v2\/product_tag?post=2839"}],"curies":[{"name":"wp","href":"https:\/\/api.w.org\/{rel}","templated":true}]}}