{"id":2841,"date":"2025-09-26T13:57:01","date_gmt":"2025-09-26T12:57:01","guid":{"rendered":"https:\/\/vipenvironnement.net\/?post_type=product&#038;p=2841"},"modified":"2025-09-26T14:11:49","modified_gmt":"2025-09-26T13:11:49","slug":"banques-institutions","status":"publish","type":"product","link":"https:\/\/vipenvironnement.net\/en\/product\/banques-institutions\/","title":{"rendered":"Banques &#038; Institutions"},"content":{"rendered":"<p>Solution de s\u00e9curit\u00e9 et nettoyage sur mesure pour les banques, institutions publiques et organismes sensibles. Nos agents sp\u00e9cialement form\u00e9s appliquent des protocoles stricts de s\u00e9curit\u00e9 et de confidentialit\u00e9. Surveillance des zones sensibles, gestion des acc\u00e8s et nettoyage discret respectant l&rsquo;environnement professionnel.<\/p>","protected":false},"excerpt":{"rendered":"<p>Service haut de gamme d\u00e9di\u00e9 aux \u00e9tablissements financiers et institutions. S\u00e9curit\u00e9 renforc\u00e9e et protocoles stricts conformes aux normes sectorielles.<\/p>","protected":false},"featured_media":1891,"comment_status":"open","ping_status":"closed","template":"","meta":[],"product_brand":[],"product_cat":[30],"product_tag":[],"class_list":{"0":"post-2841","1":"product","2":"type-product","3":"status-publish","4":"has-post-thumbnail","6":"product_cat-professionnels","8":"first","9":"instock","10":"virtual","11":"taxable","12":"product-type-simple"},"_links":{"self":[{"href":"https:\/\/vipenvironnement.net\/en\/wp-json\/wp\/v2\/product\/2841","targetHints":{"allow":["GET"]}}],"collection":[{"href":"https:\/\/vipenvironnement.net\/en\/wp-json\/wp\/v2\/product"}],"about":[{"href":"https:\/\/vipenvironnement.net\/en\/wp-json\/wp\/v2\/types\/product"}],"replies":[{"embeddable":true,"href":"https:\/\/vipenvironnement.net\/en\/wp-json\/wp\/v2\/comments?post=2841"}],"wp:featuredmedia":[{"embeddable":true,"href":"https:\/\/vipenvironnement.net\/en\/wp-json\/wp\/v2\/media\/1891"}],"wp:attachment":[{"href":"https:\/\/vipenvironnement.net\/en\/wp-json\/wp\/v2\/media?parent=2841"}],"wp:term":[{"taxonomy":"product_brand","embeddable":true,"href":"https:\/\/vipenvironnement.net\/en\/wp-json\/wp\/v2\/product_brand?post=2841"},{"taxonomy":"product_cat","embeddable":true,"href":"https:\/\/vipenvironnement.net\/en\/wp-json\/wp\/v2\/product_cat?post=2841"},{"taxonomy":"product_tag","embeddable":true,"href":"https:\/\/vipenvironnement.net\/en\/wp-json\/wp\/v2\/product_tag?post=2841"}],"curies":[{"name":"wp","href":"https:\/\/api.w.org\/{rel}","templated":true}]}}