{"id":2843,"date":"2025-09-26T13:58:39","date_gmt":"2025-09-26T12:58:39","guid":{"rendered":"https:\/\/vipenvironnement.net\/?post_type=product&#038;p=2843"},"modified":"2025-09-26T14:11:39","modified_gmt":"2025-09-26T13:11:39","slug":"gardiennage-24h-24","status":"publish","type":"product","link":"https:\/\/vipenvironnement.net\/en\/product\/gardiennage-24h-24\/","title":{"rendered":"24-hour security"},"content":{"rendered":"<p>Service de gardiennage permanent assurant une protection ininterrompue de votre site. Nos agents de s\u00e9curit\u00e9, pr\u00e9sents 24h\/24 et 7j\/7, garantissent la s\u00e9curit\u00e9 des personnes et des biens. Intervention imm\u00e9diate en cas d&rsquo;incident et coordination avec les forces de l&rsquo;ordre si n\u00e9cessaire.<\/p>","protected":false},"excerpt":{"rendered":"<p>Surveillance permanente jour et nuit par des agents de s\u00e9curit\u00e9 dipl\u00f4m\u00e9s. Protection continue de vos biens et installations.<\/p>","protected":false},"featured_media":612,"comment_status":"open","ping_status":"closed","template":"","meta":[],"product_brand":[],"product_cat":[30],"product_tag":[],"class_list":{"0":"post-2843","1":"product","2":"type-product","3":"status-publish","4":"has-post-thumbnail","6":"product_cat-professionnels","8":"first","9":"instock","10":"virtual","11":"taxable","12":"product-type-simple"},"_links":{"self":[{"href":"https:\/\/vipenvironnement.net\/en\/wp-json\/wp\/v2\/product\/2843","targetHints":{"allow":["GET"]}}],"collection":[{"href":"https:\/\/vipenvironnement.net\/en\/wp-json\/wp\/v2\/product"}],"about":[{"href":"https:\/\/vipenvironnement.net\/en\/wp-json\/wp\/v2\/types\/product"}],"replies":[{"embeddable":true,"href":"https:\/\/vipenvironnement.net\/en\/wp-json\/wp\/v2\/comments?post=2843"}],"wp:featuredmedia":[{"embeddable":true,"href":"https:\/\/vipenvironnement.net\/en\/wp-json\/wp\/v2\/media\/612"}],"wp:attachment":[{"href":"https:\/\/vipenvironnement.net\/en\/wp-json\/wp\/v2\/media?parent=2843"}],"wp:term":[{"taxonomy":"product_brand","embeddable":true,"href":"https:\/\/vipenvironnement.net\/en\/wp-json\/wp\/v2\/product_brand?post=2843"},{"taxonomy":"product_cat","embeddable":true,"href":"https:\/\/vipenvironnement.net\/en\/wp-json\/wp\/v2\/product_cat?post=2843"},{"taxonomy":"product_tag","embeddable":true,"href":"https:\/\/vipenvironnement.net\/en\/wp-json\/wp\/v2\/product_tag?post=2843"}],"curies":[{"name":"wp","href":"https:\/\/api.w.org\/{rel}","templated":true}]}}