{"id":2844,"date":"2025-09-26T14:00:01","date_gmt":"2025-09-26T13:00:01","guid":{"rendered":"https:\/\/vipenvironnement.net\/?post_type=product&#038;p=2844"},"modified":"2025-09-26T14:11:24","modified_gmt":"2025-09-26T13:11:24","slug":"surveillance-electronique","status":"publish","type":"product","link":"https:\/\/vipenvironnement.net\/en\/product\/surveillance-electronique\/","title":{"rendered":"Electronic Monitoring"},"content":{"rendered":"<p>Solution de surveillance \u00e9lectronique avanc\u00e9e combinant technologies de pointe et monitoring humain. Cam\u00e9ras HD, d\u00e9tecteurs de mouvement, capteurs d&rsquo;intrusion et centre de contr\u00f4le op\u00e9rationnel 24h\/24. Intervention rapide de nos \u00e9quipes mobiles en cas d&rsquo;alerte.<\/p>","protected":false},"excerpt":{"rendered":"<p>Monitoring \u00e9lectronique haute technologie avec centre de contr\u00f4le d\u00e9di\u00e9. D\u00e9tection imm\u00e9diate des intrusions et alertes automatis\u00e9es.<\/p>","protected":false},"featured_media":1870,"comment_status":"open","ping_status":"closed","template":"","meta":[],"product_brand":[],"product_cat":[30],"product_tag":[],"class_list":{"0":"post-2844","1":"product","2":"type-product","3":"status-publish","4":"has-post-thumbnail","6":"product_cat-professionnels","8":"first","9":"instock","10":"virtual","11":"taxable","12":"product-type-simple"},"_links":{"self":[{"href":"https:\/\/vipenvironnement.net\/en\/wp-json\/wp\/v2\/product\/2844","targetHints":{"allow":["GET"]}}],"collection":[{"href":"https:\/\/vipenvironnement.net\/en\/wp-json\/wp\/v2\/product"}],"about":[{"href":"https:\/\/vipenvironnement.net\/en\/wp-json\/wp\/v2\/types\/product"}],"replies":[{"embeddable":true,"href":"https:\/\/vipenvironnement.net\/en\/wp-json\/wp\/v2\/comments?post=2844"}],"wp:featuredmedia":[{"embeddable":true,"href":"https:\/\/vipenvironnement.net\/en\/wp-json\/wp\/v2\/media\/1870"}],"wp:attachment":[{"href":"https:\/\/vipenvironnement.net\/en\/wp-json\/wp\/v2\/media?parent=2844"}],"wp:term":[{"taxonomy":"product_brand","embeddable":true,"href":"https:\/\/vipenvironnement.net\/en\/wp-json\/wp\/v2\/product_brand?post=2844"},{"taxonomy":"product_cat","embeddable":true,"href":"https:\/\/vipenvironnement.net\/en\/wp-json\/wp\/v2\/product_cat?post=2844"},{"taxonomy":"product_tag","embeddable":true,"href":"https:\/\/vipenvironnement.net\/en\/wp-json\/wp\/v2\/product_tag?post=2844"}],"curies":[{"name":"wp","href":"https:\/\/api.w.org\/{rel}","templated":true}]}}