{"id":2845,"date":"2025-09-26T14:01:12","date_gmt":"2025-09-26T13:01:12","guid":{"rendered":"https:\/\/vipenvironnement.net\/?post_type=product&#038;p=2845"},"modified":"2025-09-26T14:11:17","modified_gmt":"2025-09-26T13:11:17","slug":"stades-fan-zones","status":"publish","type":"product","link":"https:\/\/vipenvironnement.net\/en\/product\/stades-fan-zones\/","title":{"rendered":"Stades &#038; Fan Zones"},"content":{"rendered":"<p>Solution compl\u00e8te pour les \u00e9v\u00e9nements sportifs de grande envergure comme la Coupe d&rsquo;Afrique 2025. Gestion des flux de spectateurs, s\u00e9curit\u00e9 p\u00e9rim\u00e9trique, contr\u00f4le d&rsquo;acc\u00e8s et nettoyage en temps r\u00e9el. Notre \u00e9quipe exp\u00e9riment\u00e9e dans les grands \u00e9v\u00e9nements garantit une organisation impeccable.<\/p>","protected":false},"excerpt":{"rendered":"<p>Service \u00e9v\u00e9nementiel sp\u00e9cialis\u00e9 pour grands rassemblements. S\u00e9curit\u00e9 renforc\u00e9e et nettoyage intensif pour stades et fan zones.<\/p>","protected":false},"featured_media":2203,"comment_status":"open","ping_status":"closed","template":"","meta":[],"product_brand":[],"product_cat":[123,100],"product_tag":[],"class_list":{"0":"post-2845","1":"product","2":"type-product","3":"status-publish","4":"has-post-thumbnail","6":"product_cat-evenementiels","7":"product_cat-nos-offres-promotions","9":"first","10":"instock","11":"virtual","12":"taxable","13":"product-type-simple"},"_links":{"self":[{"href":"https:\/\/vipenvironnement.net\/en\/wp-json\/wp\/v2\/product\/2845","targetHints":{"allow":["GET"]}}],"collection":[{"href":"https:\/\/vipenvironnement.net\/en\/wp-json\/wp\/v2\/product"}],"about":[{"href":"https:\/\/vipenvironnement.net\/en\/wp-json\/wp\/v2\/types\/product"}],"replies":[{"embeddable":true,"href":"https:\/\/vipenvironnement.net\/en\/wp-json\/wp\/v2\/comments?post=2845"}],"wp:featuredmedia":[{"embeddable":true,"href":"https:\/\/vipenvironnement.net\/en\/wp-json\/wp\/v2\/media\/2203"}],"wp:attachment":[{"href":"https:\/\/vipenvironnement.net\/en\/wp-json\/wp\/v2\/media?parent=2845"}],"wp:term":[{"taxonomy":"product_brand","embeddable":true,"href":"https:\/\/vipenvironnement.net\/en\/wp-json\/wp\/v2\/product_brand?post=2845"},{"taxonomy":"product_cat","embeddable":true,"href":"https:\/\/vipenvironnement.net\/en\/wp-json\/wp\/v2\/product_cat?post=2845"},{"taxonomy":"product_tag","embeddable":true,"href":"https:\/\/vipenvironnement.net\/en\/wp-json\/wp\/v2\/product_tag?post=2845"}],"curies":[{"name":"wp","href":"https:\/\/api.w.org\/{rel}","templated":true}]}}