{"id":2846,"date":"2025-09-26T14:02:01","date_gmt":"2025-09-26T13:02:01","guid":{"rendered":"https:\/\/vipenvironnement.net\/?post_type=product&#038;p=2846"},"modified":"2025-09-26T14:11:06","modified_gmt":"2025-09-26T13:11:06","slug":"securite-specialisee","status":"publish","type":"product","link":"https:\/\/vipenvironnement.net\/en\/product\/securite-specialisee\/","title":{"rendered":"Specialized Security"},"content":{"rendered":"<p>Service de s\u00e9curit\u00e9 adapt\u00e9 aux environnements \u00e0 risques sp\u00e9cifiques : sites industriels, chantiers, entrep\u00f4ts sensibles. Nos agents re\u00e7oivent une formation sp\u00e9cialis\u00e9e selon votre secteur d&rsquo;activit\u00e9 et les risques identifi\u00e9s.<\/p>","protected":false},"excerpt":{"rendered":"<p>Protection sur mesure pour sites sensibles et risques sp\u00e9cifiques. Agents sp\u00e9cialis\u00e9s selon vos besoins particuliers.<\/p>","protected":false},"featured_media":1885,"comment_status":"open","ping_status":"closed","template":"","meta":[],"product_brand":[],"product_cat":[123,100],"product_tag":[],"class_list":{"0":"post-2846","1":"product","2":"type-product","3":"status-publish","4":"has-post-thumbnail","6":"product_cat-evenementiels","7":"product_cat-nos-offres-promotions","9":"first","10":"instock","11":"virtual","12":"taxable","13":"product-type-simple"},"_links":{"self":[{"href":"https:\/\/vipenvironnement.net\/en\/wp-json\/wp\/v2\/product\/2846","targetHints":{"allow":["GET"]}}],"collection":[{"href":"https:\/\/vipenvironnement.net\/en\/wp-json\/wp\/v2\/product"}],"about":[{"href":"https:\/\/vipenvironnement.net\/en\/wp-json\/wp\/v2\/types\/product"}],"replies":[{"embeddable":true,"href":"https:\/\/vipenvironnement.net\/en\/wp-json\/wp\/v2\/comments?post=2846"}],"wp:featuredmedia":[{"embeddable":true,"href":"https:\/\/vipenvironnement.net\/en\/wp-json\/wp\/v2\/media\/1885"}],"wp:attachment":[{"href":"https:\/\/vipenvironnement.net\/en\/wp-json\/wp\/v2\/media?parent=2846"}],"wp:term":[{"taxonomy":"product_brand","embeddable":true,"href":"https:\/\/vipenvironnement.net\/en\/wp-json\/wp\/v2\/product_brand?post=2846"},{"taxonomy":"product_cat","embeddable":true,"href":"https:\/\/vipenvironnement.net\/en\/wp-json\/wp\/v2\/product_cat?post=2846"},{"taxonomy":"product_tag","embeddable":true,"href":"https:\/\/vipenvironnement.net\/en\/wp-json\/wp\/v2\/product_tag?post=2846"}],"curies":[{"name":"wp","href":"https:\/\/api.w.org\/{rel}","templated":true}]}}