{"id":2847,"date":"2025-09-26T14:02:52","date_gmt":"2025-09-26T13:02:52","guid":{"rendered":"https:\/\/vipenvironnement.net\/?post_type=product&#038;p=2847"},"modified":"2025-09-26T14:10:08","modified_gmt":"2025-09-26T13:10:08","slug":"equipes-mobiles","status":"publish","type":"product","link":"https:\/\/vipenvironnement.net\/en\/product\/equipes-mobiles\/","title":{"rendered":"Mobile Teams"},"content":{"rendered":"<p>Unit\u00e9s mobiles pr\u00eates \u00e0 intervenir rapidement sur l&rsquo;ensemble du territoire. V\u00e9hicules \u00e9quip\u00e9s et personnel form\u00e9 pour diverses missions : renforts de s\u00e9curit\u00e9, interventions d&rsquo;urgence, remplacements impr\u00e9vus. Flexibilit\u00e9 maximale pour s&rsquo;adapter \u00e0 vos contraintes.<\/p>","protected":false},"excerpt":{"rendered":"<p>Intervention rapide sur site avec \u00e9quipes mobiles \u00e9quip\u00e9es. R\u00e9activit\u00e9 et flexibilit\u00e9 pour r\u00e9pondre \u00e0 tous vos besoins.<\/p>","protected":false},"featured_media":1901,"comment_status":"open","ping_status":"closed","template":"","meta":[],"product_brand":[],"product_cat":[123,100],"product_tag":[],"class_list":{"0":"post-2847","1":"product","2":"type-product","3":"status-publish","4":"has-post-thumbnail","6":"product_cat-evenementiels","7":"product_cat-nos-offres-promotions","9":"first","10":"instock","11":"virtual","12":"taxable","13":"product-type-simple"},"_links":{"self":[{"href":"https:\/\/vipenvironnement.net\/en\/wp-json\/wp\/v2\/product\/2847","targetHints":{"allow":["GET"]}}],"collection":[{"href":"https:\/\/vipenvironnement.net\/en\/wp-json\/wp\/v2\/product"}],"about":[{"href":"https:\/\/vipenvironnement.net\/en\/wp-json\/wp\/v2\/types\/product"}],"replies":[{"embeddable":true,"href":"https:\/\/vipenvironnement.net\/en\/wp-json\/wp\/v2\/comments?post=2847"}],"wp:featuredmedia":[{"embeddable":true,"href":"https:\/\/vipenvironnement.net\/en\/wp-json\/wp\/v2\/media\/1901"}],"wp:attachment":[{"href":"https:\/\/vipenvironnement.net\/en\/wp-json\/wp\/v2\/media?parent=2847"}],"wp:term":[{"taxonomy":"product_brand","embeddable":true,"href":"https:\/\/vipenvironnement.net\/en\/wp-json\/wp\/v2\/product_brand?post=2847"},{"taxonomy":"product_cat","embeddable":true,"href":"https:\/\/vipenvironnement.net\/en\/wp-json\/wp\/v2\/product_cat?post=2847"},{"taxonomy":"product_tag","embeddable":true,"href":"https:\/\/vipenvironnement.net\/en\/wp-json\/wp\/v2\/product_tag?post=2847"}],"curies":[{"name":"wp","href":"https:\/\/api.w.org\/{rel}","templated":true}]}}