{"id":2848,"date":"2025-09-26T14:03:39","date_gmt":"2025-09-26T13:03:39","guid":{"rendered":"https:\/\/vipenvironnement.net\/?post_type=product&#038;p=2848"},"modified":"2025-09-26T14:04:13","modified_gmt":"2025-09-26T13:04:13","slug":"gestion-dechets","status":"publish","type":"product","link":"https:\/\/vipenvironnement.net\/en\/product\/gestion-dechets\/","title":{"rendered":"Waste management"},"content":{"rendered":"<p>Service complet de gestion des d\u00e9chets pour entreprises et collectivit\u00e9s. Tri s\u00e9lectif, collecte r\u00e9guli\u00e8re, acheminement vers les centres agr\u00e9\u00e9s et tra\u00e7abilit\u00e9 compl\u00e8te. Respect strict de la r\u00e9glementation environnementale et optimisation des co\u00fbts de traitement.<\/p>","protected":false},"excerpt":{"rendered":"<p>Gestion professionnelle des d\u00e9chets selon la r\u00e9glementation en vigueur. Tri, collecte et valorisation \u00e9cologique.<\/p>","protected":false},"featured_media":0,"comment_status":"open","ping_status":"closed","template":"","meta":[],"product_brand":[],"product_cat":[123,100],"product_tag":[],"class_list":{"0":"post-2848","1":"product","2":"type-product","3":"status-publish","5":"product_cat-evenementiels","6":"product_cat-nos-offres-promotions","8":"first","9":"instock","10":"virtual","11":"taxable","12":"product-type-simple"},"_links":{"self":[{"href":"https:\/\/vipenvironnement.net\/en\/wp-json\/wp\/v2\/product\/2848","targetHints":{"allow":["GET"]}}],"collection":[{"href":"https:\/\/vipenvironnement.net\/en\/wp-json\/wp\/v2\/product"}],"about":[{"href":"https:\/\/vipenvironnement.net\/en\/wp-json\/wp\/v2\/types\/product"}],"replies":[{"embeddable":true,"href":"https:\/\/vipenvironnement.net\/en\/wp-json\/wp\/v2\/comments?post=2848"}],"wp:attachment":[{"href":"https:\/\/vipenvironnement.net\/en\/wp-json\/wp\/v2\/media?parent=2848"}],"wp:term":[{"taxonomy":"product_brand","embeddable":true,"href":"https:\/\/vipenvironnement.net\/en\/wp-json\/wp\/v2\/product_brand?post=2848"},{"taxonomy":"product_cat","embeddable":true,"href":"https:\/\/vipenvironnement.net\/en\/wp-json\/wp\/v2\/product_cat?post=2848"},{"taxonomy":"product_tag","embeddable":true,"href":"https:\/\/vipenvironnement.net\/en\/wp-json\/wp\/v2\/product_tag?post=2848"}],"curies":[{"name":"wp","href":"https:\/\/api.w.org\/{rel}","templated":true}]}}