{"id":2853,"date":"2025-09-26T15:47:08","date_gmt":"2025-09-26T14:47:08","guid":{"rendered":"https:\/\/vipenvironnement.net\/?post_type=product&#038;p=2853"},"modified":"2025-10-28T17:30:25","modified_gmt":"2025-10-28T16:30:25","slug":"pack-vip-gold","status":"publish","type":"product","link":"https:\/\/vipenvironnement.net\/en\/product\/pack-vip-gold\/","title":{"rendered":"Pack VIP Gold"},"content":{"rendered":"<p><b>Notre Pack GOLD \/ VIP Premium<\/b> est la formule la plus compl\u00e8te, con\u00e7ue pour l&rsquo;entretien haut de gamme de votre domicile ou r\u00e9sidence de luxe.<\/p>\n<p><b>Un service sur-mesure garantissant l&rsquo;excellence et la tranquillit\u00e9 :<\/b><\/p>\n<ul>\n<li><b>Fr\u00e9quence :<\/b> <b>7 heures d&rsquo;entretien hebdomadaire<\/b> (en 1 ou 2 visites, selon vos besoins).<\/li>\n<li><b>Qualit\u00e9 :<\/b> Nettoyage complet de tout l\u2019espace (sols, vitres, cuisine, sanitaires) avec une <b>d\u00e9sinfection renforc\u00e9e des zones de contact<\/b>.<\/li>\n<li><b>Ressources :<\/b> Mise \u00e0 disposition de notre mat\u00e9riel professionnel (aspirateur, monobrosse si n\u00e9cessaire).<\/li>\n<li><b>Garantie :<\/b> Un <b>Contr\u00f4le Qualit\u00e9 Mensuel<\/b> effectu\u00e9 par un responsable VIP pour assurer la constance de notre niveau d&rsquo;excellence.<\/li>\n<\/ul>\n<p><b>B\u00e9n\u00e9fice :<\/b> Un service VIP qui vous garantit propret\u00e9, s\u00e9curit\u00e9 et une tranquillit\u00e9 d&rsquo;esprit absolue.<\/p>","protected":false},"excerpt":{"rendered":"<p>Notre formule la plus exclusive : gestion compl\u00e8te, nettoyage illimit\u00e9, inspection avanc\u00e9e et logistique sur mesure.<\/p>","protected":false},"featured_media":2004,"comment_status":"open","ping_status":"closed","template":"","meta":[],"product_brand":[],"product_cat":[30],"product_tag":[],"class_list":{"0":"post-2853","1":"product","2":"type-product","3":"status-publish","4":"has-post-thumbnail","6":"product_cat-professionnels","8":"first","9":"instock","10":"virtual","11":"taxable","12":"product-type-simple"},"_links":{"self":[{"href":"https:\/\/vipenvironnement.net\/en\/wp-json\/wp\/v2\/product\/2853","targetHints":{"allow":["GET"]}}],"collection":[{"href":"https:\/\/vipenvironnement.net\/en\/wp-json\/wp\/v2\/product"}],"about":[{"href":"https:\/\/vipenvironnement.net\/en\/wp-json\/wp\/v2\/types\/product"}],"replies":[{"embeddable":true,"href":"https:\/\/vipenvironnement.net\/en\/wp-json\/wp\/v2\/comments?post=2853"}],"wp:featuredmedia":[{"embeddable":true,"href":"https:\/\/vipenvironnement.net\/en\/wp-json\/wp\/v2\/media\/2004"}],"wp:attachment":[{"href":"https:\/\/vipenvironnement.net\/en\/wp-json\/wp\/v2\/media?parent=2853"}],"wp:term":[{"taxonomy":"product_brand","embeddable":true,"href":"https:\/\/vipenvironnement.net\/en\/wp-json\/wp\/v2\/product_brand?post=2853"},{"taxonomy":"product_cat","embeddable":true,"href":"https:\/\/vipenvironnement.net\/en\/wp-json\/wp\/v2\/product_cat?post=2853"},{"taxonomy":"product_tag","embeddable":true,"href":"https:\/\/vipenvironnement.net\/en\/wp-json\/wp\/v2\/product_tag?post=2853"}],"curies":[{"name":"wp","href":"https:\/\/api.w.org\/{rel}","templated":true}]}}