{"id":661,"date":"2025-08-27T16:24:01","date_gmt":"2025-08-27T15:24:01","guid":{"rendered":"https:\/\/vipenvironnement.net\/?post_type=product&#038;p=661"},"modified":"2025-09-26T13:36:56","modified_gmt":"2025-09-26T12:36:56","slug":"nettoyage-hotelier","status":"publish","type":"product","link":"https:\/\/vipenvironnement.net\/en\/product\/nettoyage-hotelier\/","title":{"rendered":"Hotel cleaning"},"content":{"rendered":"<p>Notre service de nettoyage h\u00f4telier est sp\u00e9cialement con\u00e7u pour r\u00e9pondre aux exigences des <strong>\u00e9tablissements h\u00f4teliers<\/strong>.<br \/>\nNous assurons l\u2019entretien complet des chambres, parties communes et zones de restauration avec un <strong>haut niveau d\u2019hygi\u00e8ne<\/strong>.<\/p>\n<ul>\n<li>Nettoyage et d\u00e9sinfection des chambres (lits, sols, sanitaires)<\/li>\n<li>Entretien des couloirs, halls et ascenseurs<\/li>\n<li>Nettoyage des restaurants et zones de restauration<\/li>\n<li>Respect des normes HACCP pour les zones alimentaires<\/li>\n<li>Service discret, rapide et professionnel<\/li>\n<\/ul>\n<p>Faites confiance \u00e0 notre \u00e9quipe form\u00e9e pour garantir confort et satisfaction \u00e0 vos clients.<\/p>","protected":false},"excerpt":{"rendered":"<p>Service professionnel pour chambres, parties communes et zones de restauration. Interventions discr\u00e8tes et efficaces.<\/p>","protected":false},"featured_media":662,"comment_status":"open","ping_status":"closed","template":"","meta":[],"product_brand":[],"product_cat":[123,100],"product_tag":[37,36,38,39],"class_list":{"0":"post-661","1":"product","2":"type-product","3":"status-publish","4":"has-post-thumbnail","6":"product_cat-evenementiels","7":"product_cat-nos-offres-promotions","8":"product_tag-entretien-chambres","9":"product_tag-nettoyage-hotel","10":"product_tag-proprete-hotel","11":"product_tag-services-hoteliers","13":"first","14":"instock","15":"virtual","16":"taxable","17":"product-type-simple"},"_links":{"self":[{"href":"https:\/\/vipenvironnement.net\/en\/wp-json\/wp\/v2\/product\/661","targetHints":{"allow":["GET"]}}],"collection":[{"href":"https:\/\/vipenvironnement.net\/en\/wp-json\/wp\/v2\/product"}],"about":[{"href":"https:\/\/vipenvironnement.net\/en\/wp-json\/wp\/v2\/types\/product"}],"replies":[{"embeddable":true,"href":"https:\/\/vipenvironnement.net\/en\/wp-json\/wp\/v2\/comments?post=661"}],"wp:featuredmedia":[{"embeddable":true,"href":"https:\/\/vipenvironnement.net\/en\/wp-json\/wp\/v2\/media\/662"}],"wp:attachment":[{"href":"https:\/\/vipenvironnement.net\/en\/wp-json\/wp\/v2\/media?parent=661"}],"wp:term":[{"taxonomy":"product_brand","embeddable":true,"href":"https:\/\/vipenvironnement.net\/en\/wp-json\/wp\/v2\/product_brand?post=661"},{"taxonomy":"product_cat","embeddable":true,"href":"https:\/\/vipenvironnement.net\/en\/wp-json\/wp\/v2\/product_cat?post=661"},{"taxonomy":"product_tag","embeddable":true,"href":"https:\/\/vipenvironnement.net\/en\/wp-json\/wp\/v2\/product_tag?post=661"}],"curies":[{"name":"wp","href":"https:\/\/api.w.org\/{rel}","templated":true}]}}