{"id":680,"date":"2025-08-27T17:38:23","date_gmt":"2025-08-27T16:38:23","guid":{"rendered":"https:\/\/vipenvironnement.net\/?post_type=product&#038;p=680"},"modified":"2025-09-26T13:33:19","modified_gmt":"2025-09-26T12:33:19","slug":"entretien-evenementiel","status":"publish","type":"product","link":"https:\/\/vipenvironnement.net\/en\/product\/entretien-evenementiel\/","title":{"rendered":"Event maintenance"},"content":{"rendered":"<p data-start=\"192\" data-end=\"445\">Notre service d\u2019<strong>entretien \u00e9v\u00e9nementiel<\/strong> accompagne vos manifestations avant, pendant et apr\u00e8s leur d\u00e9roulement.<br data-start=\"340\" data-end=\"343\" \/>Nous garantissons des espaces propres, accueillants et s\u00e9curis\u00e9s, quel que soit le type d\u2019\u00e9v\u00e9nement.<\/p>\n<ul>\n<li data-start=\"447\" data-end=\"788\">Nettoyage avant installation (salles, stands, gradins)<\/li>\n<li data-start=\"447\" data-end=\"788\">Entretien en continu pendant l\u2019\u00e9v\u00e9nement (sanitaires, zones de passage, loges)<\/li>\n<li data-start=\"447\" data-end=\"788\">Nettoyage complet apr\u00e8s cl\u00f4ture (sols, d\u00e9chets, vitres)<\/li>\n<li data-start=\"447\" data-end=\"788\">\u00c9quipes form\u00e9es et en uniforme pour plus de professionnalisme<\/li>\n<li data-start=\"447\" data-end=\"788\">Interventions rapides et discr\u00e8tes, adapt\u00e9es au rythme de l\u2019\u00e9v\u00e9nement<\/li>\n<\/ul>\n<p data-start=\"790\" data-end=\"900\">Assurez le succ\u00e8s de vos salons, mariages, expositions ou festivals avec un service de nettoyage sp\u00e9cialis\u00e9.<\/p>","protected":false},"excerpt":{"rendered":"<p>Nettoyage avant, pendant et apr\u00e8s vos \u00e9v\u00e9nements : mariages, salons, expositions. \u00c9quipes form\u00e9es et en uniforme.<\/p>","protected":false},"featured_media":1856,"comment_status":"open","ping_status":"closed","template":"","meta":[],"product_brand":[],"product_cat":[30],"product_tag":[62,66,65,63,64],"class_list":{"0":"post-680","1":"product","2":"type-product","3":"status-publish","4":"has-post-thumbnail","6":"product_cat-professionnels","7":"product_tag-entretien-evenement","8":"product_tag-expositions","9":"product_tag-festivals","10":"product_tag-nettoyage-mariage","11":"product_tag-salons","13":"first","14":"instock","15":"virtual","16":"taxable","17":"product-type-simple"},"_links":{"self":[{"href":"https:\/\/vipenvironnement.net\/en\/wp-json\/wp\/v2\/product\/680","targetHints":{"allow":["GET"]}}],"collection":[{"href":"https:\/\/vipenvironnement.net\/en\/wp-json\/wp\/v2\/product"}],"about":[{"href":"https:\/\/vipenvironnement.net\/en\/wp-json\/wp\/v2\/types\/product"}],"replies":[{"embeddable":true,"href":"https:\/\/vipenvironnement.net\/en\/wp-json\/wp\/v2\/comments?post=680"}],"wp:featuredmedia":[{"embeddable":true,"href":"https:\/\/vipenvironnement.net\/en\/wp-json\/wp\/v2\/media\/1856"}],"wp:attachment":[{"href":"https:\/\/vipenvironnement.net\/en\/wp-json\/wp\/v2\/media?parent=680"}],"wp:term":[{"taxonomy":"product_brand","embeddable":true,"href":"https:\/\/vipenvironnement.net\/en\/wp-json\/wp\/v2\/product_brand?post=680"},{"taxonomy":"product_cat","embeddable":true,"href":"https:\/\/vipenvironnement.net\/en\/wp-json\/wp\/v2\/product_cat?post=680"},{"taxonomy":"product_tag","embeddable":true,"href":"https:\/\/vipenvironnement.net\/en\/wp-json\/wp\/v2\/product_tag?post=680"}],"curies":[{"name":"wp","href":"https:\/\/api.w.org\/{rel}","templated":true}]}}