{"id":685,"date":"2025-08-27T17:51:49","date_gmt":"2025-08-27T16:51:49","guid":{"rendered":"https:\/\/vipenvironnement.net\/?post_type=product&#038;p=685"},"modified":"2026-02-01T17:34:37","modified_gmt":"2026-02-01T16:34:37","slug":"pack-confort-4h","status":"publish","type":"product","link":"https:\/\/vipenvironnement.net\/en\/product\/pack-confort-4h\/","title":{"rendered":"Pack Ounahi"},"content":{"rendered":"<p><b>Pack Confort : L&rsquo;Entretien Ultra-R\u00e9gulier et Approfondi de Votre Foyer<\/b><\/p>\n<blockquote><p><b>Notre Pack Ounahi Confort<\/b> est la formule id\u00e9ale pour les familles et les foyers de grande taille qui exigent une propret\u00e9 constante et sans effort. Avec des interventions deux fois par semaine, ce forfait garantit un environnement sain et impeccable o\u00f9 il fait bon vivre, sans que vous ayez \u00e0 vous soucier des t\u00e2ches m\u00e9nag\u00e8res.<\/p>\n<p><b>Ce que comprend le service :<\/b><\/p>\n<ul>\n<li><b>Fr\u00e9quence :<\/b> <b>8 interventions compl\u00e8tes par mois<\/b> (soit deux visites par semaine).<\/li>\n<li><b>Dur\u00e9e :<\/b> Chaque intervention est d&rsquo;une dur\u00e9e de <b>5 heures<\/b> (soit 40 heures de service mensuel).<\/li>\n<li><b>Prestations :<\/b> Nettoyage approfondi de toutes les pi\u00e8ces, rangement optimis\u00e9, entretien des surfaces d\u00e9licates, et soin particulier des zones \u00e0 fort trafic.<\/li>\n<li><b>Ressources :<\/b> Service assur\u00e9 par un <b>personnel qualifi\u00e9<\/b> et form\u00e9 aux standards d&rsquo;excellence de VIP Environnement.<\/li>\n<\/ul>\n<p><b>B\u00e9n\u00e9fice :<\/b> Un foyer constamment soign\u00e9 et la garantie d&rsquo;une tranquillit\u00e9 d&rsquo;esprit absolue, pour que vous profitiez pleinement de votre temps libre.<\/p>\n<p><b>[le prix : 1 300 DH \/ mois] PROMO<\/b><\/p><\/blockquote>","protected":false},"excerpt":{"rendered":"<p>Nettoyage approfondi avec plus de temps par s\u00e9ance.<br data-start=\"604\" data-end=\"607\" \/>Une femme de m\u00e9nage, 5h\/s\u00e9ance, 6 fois par mois.<br data-start=\"655\" data-end=\"658\" \/>Parfait pour les logements moyens ou familles nombreuses.<\/p>","protected":false},"featured_media":3127,"comment_status":"open","ping_status":"closed","template":"","meta":[],"product_brand":[],"product_cat":[70],"product_tag":[73,72,74,71,75],"class_list":{"0":"post-685","1":"product","2":"type-product","3":"status-publish","4":"has-post-thumbnail","6":"product_cat-particuliers","7":"product_tag-abonnement-menage","8":"product_tag-confort","9":"product_tag-femmes-de-menage","10":"product_tag-pack-menage","11":"product_tag-service-maison","13":"first","14":"instock","15":"virtual","16":"purchasable","17":"product-type-simple"},"_links":{"self":[{"href":"https:\/\/vipenvironnement.net\/en\/wp-json\/wp\/v2\/product\/685","targetHints":{"allow":["GET"]}}],"collection":[{"href":"https:\/\/vipenvironnement.net\/en\/wp-json\/wp\/v2\/product"}],"about":[{"href":"https:\/\/vipenvironnement.net\/en\/wp-json\/wp\/v2\/types\/product"}],"replies":[{"embeddable":true,"href":"https:\/\/vipenvironnement.net\/en\/wp-json\/wp\/v2\/comments?post=685"}],"wp:featuredmedia":[{"embeddable":true,"href":"https:\/\/vipenvironnement.net\/en\/wp-json\/wp\/v2\/media\/3127"}],"wp:attachment":[{"href":"https:\/\/vipenvironnement.net\/en\/wp-json\/wp\/v2\/media?parent=685"}],"wp:term":[{"taxonomy":"product_brand","embeddable":true,"href":"https:\/\/vipenvironnement.net\/en\/wp-json\/wp\/v2\/product_brand?post=685"},{"taxonomy":"product_cat","embeddable":true,"href":"https:\/\/vipenvironnement.net\/en\/wp-json\/wp\/v2\/product_cat?post=685"},{"taxonomy":"product_tag","embeddable":true,"href":"https:\/\/vipenvironnement.net\/en\/wp-json\/wp\/v2\/product_tag?post=685"}],"curies":[{"name":"wp","href":"https:\/\/api.w.org\/{rel}","templated":true}]}}